{"id":62,"date":"2015-06-05T11:25:23","date_gmt":"2015-06-05T11:25:23","guid":{"rendered":"http:\/\/www.irinihotel.gr\/de\/?page_id=62"},"modified":"2018-07-10T07:00:06","modified_gmt":"2018-07-10T07:00:06","slug":"pool-bar-bar","status":"publish","type":"page","link":"http:\/\/www.irinihotel.gr\/de\/?page_id=62","title":{"rendered":"Getr\u00e4nke und Cocktails"},"content":{"rendered":"<div class=\"wpb-content-wrapper\">[vc_row][vc_column width=&#8221;1\/3&#8243;][vc_column_text]\n<p style=\"text-align: justify;\">Die Bar und das Schwimmbad des Hotels stehen Ihnen ganzt\u00e4gig zur Verf\u00fcgung.<\/p>\n<p style=\"text-align: justify;\">Der Pool erf\u00fcllt Ihre W\u00fcnsche ebenso wie die Ihrer Kinder. Das Wasser wird fortlaufend gereinigt und bietet hervorragende hygienische Bedingungen.<\/p>\n<p style=\"text-align: justify;\">Angeboten werden k\u00f6stliche Cocktails, S\u00e4fte und leckere Snacks.<\/p>\n<p style=\"text-align: justify;\">Genie\u00dfen Sie Ihr Getr\u00e4nk oder Kaffee am Pool, nutzen Sie die bequemen Liegest\u00fchle, erfrischen Sie sich beim Schwimmen und verw\u00f6hnen Sie sich mit leckeren Kleinigkeiten.<\/p>\n<p style=\"text-align: justify;\">Das Leben am sch\u00f6nen Hotelpool bereichert Ihren Tag.<\/p>\n[\/vc_column_text][\/vc_column][vc_column width=&#8221;2\/3&#8243;][vc_media_grid element_width=&#8221;2&#8243; grid_id=&#8221;vc_gid:1531205886252-27982f66-66b0-8&#8243; include=&#8221;485,486,487,488,489,490,491,492,493,494,495,496,497,498,499,500,501,502&#8243;][\/vc_column][\/vc_row]\n<\/div>","protected":false},"excerpt":{"rendered":"<p>[vc_row][vc_column width=&#8221;1\/3&#8243;][vc_column_text] Die Bar und das Schwimmbad des Hotels stehen Ihnen ganzt\u00e4gig zur Verf\u00fcgung. Der Pool erf\u00fcllt Ihre W\u00fcnsche ebenso wie die Ihrer Kinder. Das Wasser wird fortlaufend gereinigt und bietet hervorragende hygienische Bedingungen. Angeboten werden k\u00f6stliche Cocktails, S\u00e4fte und leckere Snacks. Genie\u00dfen Sie Ihr Getr\u00e4nk oder Kaffee am Pool,[&#8230;]<\/p>\n","protected":false},"author":1,"featured_media":0,"parent":43,"menu_order":0,"comment_status":"closed","ping_status":"closed","template":"template-fullwidth.php","meta":{"footnotes":""},"class_list":["post-62","page","type-page","status-publish","hentry"],"_links":{"self":[{"href":"http:\/\/www.irinihotel.gr\/de\/index.php?rest_route=\/wp\/v2\/pages\/62","targetHints":{"allow":["GET"]}}],"collection":[{"href":"http:\/\/www.irinihotel.gr\/de\/index.php?rest_route=\/wp\/v2\/pages"}],"about":[{"href":"http:\/\/www.irinihotel.gr\/de\/index.php?rest_route=\/wp\/v2\/types\/page"}],"author":[{"embeddable":true,"href":"http:\/\/www.irinihotel.gr\/de\/index.php?rest_route=\/wp\/v2\/users\/1"}],"replies":[{"embeddable":true,"href":"http:\/\/www.irinihotel.gr\/de\/index.php?rest_route=%2Fwp%2Fv2%2Fcomments&post=62"}],"version-history":[{"count":11,"href":"http:\/\/www.irinihotel.gr\/de\/index.php?rest_route=\/wp\/v2\/pages\/62\/revisions"}],"predecessor-version":[{"id":503,"href":"http:\/\/www.irinihotel.gr\/de\/index.php?rest_route=\/wp\/v2\/pages\/62\/revisions\/503"}],"up":[{"embeddable":true,"href":"http:\/\/www.irinihotel.gr\/de\/index.php?rest_route=\/wp\/v2\/pages\/43"}],"wp:attachment":[{"href":"http:\/\/www.irinihotel.gr\/de\/index.php?rest_route=%2Fwp%2Fv2%2Fmedia&parent=62"}],"curies":[{"name":"wp","href":"https:\/\/api.w.org\/{rel}","templated":true}]}}