{"id":60,"date":"2015-06-05T07:26:23","date_gmt":"2015-06-05T07:26:23","guid":{"rendered":"http:\/\/www.irinihotel.gr\/de\/?page_id=60"},"modified":"2018-07-10T06:54:36","modified_gmt":"2018-07-10T06:54:36","slug":"restaurant-greek-cuisine","status":"publish","type":"page","link":"http:\/\/www.irinihotel.gr\/de\/?page_id=60","title":{"rendered":"Mittagessen Abendessen"},"content":{"rendered":"<div class=\"wpb-content-wrapper\">[vc_row][vc_column width=&#8221;1\/3&#8243;][vc_column_text]\n<p style=\"text-align: justify;\">Das eine sind die Produkte, das andere ist die Kunst der Mutter Neratzoula.<\/p>\n<p style=\"text-align: justify;\">Sie \u00fcbernimmt die Komposition und Herstellung der klassisch traditionellen Speisen und lokalen K\u00f6stlichkeiten nach leckeren Rezepten.<\/p>\n<p style=\"text-align: justify;\">Gerne nennen wir Ihnen einige Beispiele: Mousaka, gef\u00fcllte Zuccinibl\u00fcten und Giouslemedes (traditionelles lesbisches K\u00e4segeb\u00e4ck). Aber die Liste ist noch lange nicht vollst\u00e4ndig.<\/p>\n<p style=\"text-align: justify;\">Diverse Speisen aus H\u00fclsenfr\u00fcchten, das ber\u00fchmte Hummernudelgericht, frische Sardinen und Fischsuppen und als Dessert bieten wir k\u00f6stliche hausgemachte S\u00fc\u00dfigkeiten.<\/p>\n<p style=\"text-align: justify;\">Probieren Sie!<\/p>\n[\/vc_column_text][\/vc_column][vc_column width=&#8221;2\/3&#8243;][vc_media_grid element_width=&#8221;2&#8243; grid_id=&#8221;vc_gid:1531205429447-177ad44e-e1dc-5&#8243; include=&#8221;442,443,444,445,446,447,448,449,450,451,452,453,454,455,456,457,458,459,460,461,462,463,464,465,466,467,468,469,470,471,472,473,474,475,476,477,478,479,480,481,482,483&#8243;][\/vc_column][\/vc_row]\n<\/div>","protected":false},"excerpt":{"rendered":"<p>[vc_row][vc_column width=&#8221;1\/3&#8243;][vc_column_text] Das eine sind die Produkte, das andere ist die Kunst der Mutter Neratzoula. Sie \u00fcbernimmt die Komposition und Herstellung der klassisch traditionellen Speisen und lokalen K\u00f6stlichkeiten nach leckeren Rezepten. Gerne nennen wir Ihnen einige Beispiele: Mousaka, gef\u00fcllte Zuccinibl\u00fcten und Giouslemedes (traditionelles lesbisches K\u00e4segeb\u00e4ck). Aber die Liste ist noch[&#8230;]<\/p>\n","protected":false},"author":1,"featured_media":0,"parent":43,"menu_order":0,"comment_status":"closed","ping_status":"closed","template":"template-fullwidth.php","meta":{"footnotes":""},"class_list":["post-60","page","type-page","status-publish","hentry"],"_links":{"self":[{"href":"http:\/\/www.irinihotel.gr\/de\/index.php?rest_route=\/wp\/v2\/pages\/60","targetHints":{"allow":["GET"]}}],"collection":[{"href":"http:\/\/www.irinihotel.gr\/de\/index.php?rest_route=\/wp\/v2\/pages"}],"about":[{"href":"http:\/\/www.irinihotel.gr\/de\/index.php?rest_route=\/wp\/v2\/types\/page"}],"author":[{"embeddable":true,"href":"http:\/\/www.irinihotel.gr\/de\/index.php?rest_route=\/wp\/v2\/users\/1"}],"replies":[{"embeddable":true,"href":"http:\/\/www.irinihotel.gr\/de\/index.php?rest_route=%2Fwp%2Fv2%2Fcomments&post=60"}],"version-history":[{"count":8,"href":"http:\/\/www.irinihotel.gr\/de\/index.php?rest_route=\/wp\/v2\/pages\/60\/revisions"}],"predecessor-version":[{"id":484,"href":"http:\/\/www.irinihotel.gr\/de\/index.php?rest_route=\/wp\/v2\/pages\/60\/revisions\/484"}],"up":[{"embeddable":true,"href":"http:\/\/www.irinihotel.gr\/de\/index.php?rest_route=\/wp\/v2\/pages\/43"}],"wp:attachment":[{"href":"http:\/\/www.irinihotel.gr\/de\/index.php?rest_route=%2Fwp%2Fv2%2Fmedia&parent=60"}],"curies":[{"name":"wp","href":"https:\/\/api.w.org\/{rel}","templated":true}]}}