{"id":56,"date":"2015-06-05T07:24:47","date_gmt":"2015-06-05T07:24:47","guid":{"rendered":"http:\/\/www.irinihotel.gr\/de\/?page_id=56"},"modified":"2015-07-09T08:42:33","modified_gmt":"2015-07-09T08:42:33","slug":"vatera-beach-polichnitos","status":"publish","type":"page","link":"http:\/\/www.irinihotel.gr\/de\/?page_id=56","title":{"rendered":"Vatera Strand"},"content":{"rendered":"<p style=\"text-align: justify;\"><div class=\"su-row\"><div class=\"su-column su-column-size-1-2\"><div class=\"su-column-inner su-u-clearfix su-u-trim\">\n<p style=\"text-align: justify;\">\n<p style=\"text-align: justify;\">Der Badestrand des Hotels ist nur wenige Schritte entfernt \u2013 an einem der l\u00e4ngsten und sch\u00f6nsten Str\u00e4nde Griechenlands. Die Skyline, die sich mit dem tiefen Blau des Meeres mischt, wird in Vatera Ihr Herz auf den ersten Blick erobern.<\/p>\n<p style=\"text-align: justify;\">Die nat\u00fcrliche Sch\u00f6nheit wird erg\u00e4nzt durch die Bette zweier Fl\u00fcsse, \u00f6stlich dem Vourkos und dem Almyropotamos im Westen. Hier finden Sie im Schutz des Schilfes zahlreiche Pflanzenarten, Schildkr\u00f6ten und V\u00f6gel.<\/p>\n<p style=\"text-align: justify;\">Ganz am westlichen Ende des fast 10 km langen Badestrands liegt das Kap St. Fokas. Dort ein malerischer Fischerhafen, oberhalb eine Kapelle neben den Ruinen eines fr\u00fchchristlichen Tempels, erbaut mit den Steinen des Heiligtums des Dionysos, dessen Grundmauern man hier ebenfalls bewundern kann. Quarzsand, Kiesel und das kristallklare Wasser der \u00c4g\u00e4is, die gesch\u00fctzte Lage in den Sommerwinden werden Sie verzaubern.<\/p>\n<p style=\"text-align: justify;\">Sie werden alle Freuden eines Badeurlaubs am Meer genie\u00dfen \u2013 und nat\u00fcrlich ist der Strand von Vatera Beach jedes Jahr mit der \u201eBlauen Flagge\u201c ausgezeichnet worden.<\/p>\n<p style=\"text-align: justify;\">In der n\u00e4heren Umgebung, in einer zauberhaften Landschaft mit Pinienw\u00e4ldern k\u00f6nnen Sie kleine Kapellen besuchen und Kulturg\u00fcter fr\u00fcherer Epochen finden. Tausend Jahre Geschichte liegen vor Ihren Augen. Sie besuchen die Marmorruinen antiker Tempel, die Grundmauern fr\u00fcherer christlicher Kirchen \u2013 Zeugnisse einer glorreichen Vergangenheit.<\/p>\n<p style=\"text-align: justify;\">Mytilini, die Inselhauptstadt, ca. 50 km von Vatera entfernt, ist mit dem Bus oder dem Taxi gut erreichbar. Vom dortigen Flughafen gibt es t\u00e4glich zahlreiche Verbindungen zu vielen innergriechischen Destinationen und \u2013 besonders in der Saison \u2013 direkte Verbindungen in das europ\u00e4ische Ausland.<\/p>\n<p style=\"text-align: justify;\"><\/div><\/div> <div class=\"su-column su-column-size-1-2\"><div class=\"su-column-inner su-u-clearfix su-u-trim\">\n<p style=\"text-align: justify;\"><div class=\"su-custom-gallery su-custom-gallery-align-left su-custom-gallery-title-never su-lightbox-gallery\"><div class=\"su-custom-gallery-slide\" style=\"width:480px;height:150px\"><a href=\"http:\/\/www.irinihotel.gr\/de\/wp-content\/uploads\/2015\/07\/vatera-lesvos-bg.jpg\" rel=\"fancybox[56]\" title=\"vatera-lesvos-bg\"><img loading=\"lazy\" decoding=\"async\" src=\"http:\/\/www.irinihotel.gr\/de\/wp-content\/uploads\/2015\/07\/vatera-lesvos-bg-480x150.jpg\" alt=\"vatera-lesvos-bg\" width=\"480\" height=\"150\" \/><span class=\"su-custom-gallery-title\">vatera-lesvos-bg<\/span><\/a><\/div><div class=\"su-clear\"><\/div><\/div>\n<p style=\"text-align: justify;\"><div class=\"su-custom-gallery su-custom-gallery-align-left su-custom-gallery-title-never su-lightbox-gallery\"><div class=\"su-custom-gallery-slide\" style=\"width:150px;height:150px\"><a href=\"http:\/\/www.irinihotel.gr\/de\/wp-content\/uploads\/2015\/06\/2142025-slide.jpg\" rel=\"fancybox[56]\" title=\"2142025-slide\"><img loading=\"lazy\" decoding=\"async\" src=\"http:\/\/www.irinihotel.gr\/de\/wp-content\/uploads\/2015\/06\/2142025-slide-150x150.jpg\" alt=\"2142025-slide\" width=\"150\" height=\"150\" \/><span class=\"su-custom-gallery-title\">2142025-slide<\/span><\/a><\/div><div class=\"su-custom-gallery-slide\" style=\"width:150px;height:150px\"><a href=\"http:\/\/www.irinihotel.gr\/de\/wp-content\/uploads\/2015\/06\/11011522_10206829542238731_3512410177133238633_n.jpg\" rel=\"fancybox[56]\" title=\"11011522_10206829542238731_3512410177133238633_n\"><img loading=\"lazy\" decoding=\"async\" src=\"http:\/\/www.irinihotel.gr\/de\/wp-content\/uploads\/2015\/06\/11011522_10206829542238731_3512410177133238633_n-150x150.jpg\" alt=\"11011522_10206829542238731_3512410177133238633_n\" width=\"150\" height=\"150\" \/><span class=\"su-custom-gallery-title\">11011522_10206829542238731_3512410177133238633_n<\/span><\/a><\/div><div class=\"su-custom-gallery-slide\" style=\"width:150px;height:150px\"><a href=\"http:\/\/www.irinihotel.gr\/de\/wp-content\/uploads\/2015\/06\/DSC07503.jpg\" rel=\"fancybox[56]\" title=\"DSC07503\"><img loading=\"lazy\" decoding=\"async\" src=\"http:\/\/www.irinihotel.gr\/de\/wp-content\/uploads\/2015\/06\/DSC07503-150x150.jpg\" alt=\"DSC07503\" width=\"150\" height=\"150\" \/><span class=\"su-custom-gallery-title\">DSC07503<\/span><\/a><\/div><div class=\"su-custom-gallery-slide\" style=\"width:150px;height:150px\"><a href=\"http:\/\/www.irinihotel.gr\/de\/wp-content\/uploads\/2015\/06\/IMGP0130_large.jpg\" rel=\"fancybox[56]\" title=\"IMGP0130_large\"><img loading=\"lazy\" decoding=\"async\" src=\"http:\/\/www.irinihotel.gr\/de\/wp-content\/uploads\/2015\/06\/IMGP0130_large-150x150.jpg\" alt=\"IMGP0130_large\" width=\"150\" height=\"150\" \/><span class=\"su-custom-gallery-title\">IMGP0130_large<\/span><\/a><\/div><div class=\"su-custom-gallery-slide\" style=\"width:150px;height:150px\"><a href=\"http:\/\/www.irinihotel.gr\/de\/wp-content\/uploads\/2015\/06\/lesvos_swim_02.jpg\" rel=\"fancybox[56]\" title=\"lesvos_swim_02\"><img loading=\"lazy\" decoding=\"async\" src=\"http:\/\/www.irinihotel.gr\/de\/wp-content\/uploads\/2015\/06\/lesvos_swim_02-150x150.jpg\" alt=\"lesvos_swim_02\" width=\"150\" height=\"150\" \/><span class=\"su-custom-gallery-title\">lesvos_swim_02<\/span><\/a><\/div><div class=\"su-custom-gallery-slide\" style=\"width:150px;height:150px\"><a href=\"http:\/\/www.irinihotel.gr\/de\/wp-content\/uploads\/2015\/06\/maxresdefault.jpg\" rel=\"fancybox[56]\" title=\"maxresdefault\"><img loading=\"lazy\" decoding=\"async\" src=\"http:\/\/www.irinihotel.gr\/de\/wp-content\/uploads\/2015\/06\/maxresdefault-150x150.jpg\" alt=\"maxresdefault\" width=\"150\" height=\"150\" \/><span class=\"su-custom-gallery-title\">maxresdefault<\/span><\/a><\/div><div class=\"su-custom-gallery-slide\" style=\"width:150px;height:150px\"><a href=\"http:\/\/www.irinihotel.gr\/de\/wp-content\/uploads\/2015\/06\/polichnitos-lesvosnews-polixnitos-lesvos-news-net.jpg\" rel=\"fancybox[56]\" title=\"polichnitos lesvosnews polixnitos lesvos news net\"><img loading=\"lazy\" decoding=\"async\" src=\"http:\/\/www.irinihotel.gr\/de\/wp-content\/uploads\/2015\/06\/polichnitos-lesvosnews-polixnitos-lesvos-news-net-150x150.jpg\" alt=\"polichnitos lesvosnews polixnitos lesvos news net\" width=\"150\" height=\"150\" \/><span class=\"su-custom-gallery-title\">polichnitos lesvosnews polixnitos lesvos news net<\/span><\/a><\/div><div class=\"su-custom-gallery-slide\" style=\"width:150px;height:150px\"><a href=\"http:\/\/www.irinihotel.gr\/de\/wp-content\/uploads\/2015\/06\/polichnitoshotsprings04.jpg\" rel=\"fancybox[56]\" title=\"polichnitoshotsprings04\"><img loading=\"lazy\" decoding=\"async\" src=\"http:\/\/www.irinihotel.gr\/de\/wp-content\/uploads\/2015\/06\/polichnitoshotsprings04-150x150.jpg\" alt=\"polichnitoshotsprings04\" width=\"150\" height=\"150\" \/><span class=\"su-custom-gallery-title\">polichnitoshotsprings04<\/span><\/a><\/div><div class=\"su-custom-gallery-slide\" style=\"width:150px;height:150px\"><a href=\"http:\/\/www.irinihotel.gr\/de\/wp-content\/uploads\/2015\/06\/springs-lesvos-greece-polichnitos.jpg\" rel=\"fancybox[56]\" title=\"springs-lesvos-greece-polichnitos\"><img loading=\"lazy\" decoding=\"async\" src=\"http:\/\/www.irinihotel.gr\/de\/wp-content\/uploads\/2015\/06\/springs-lesvos-greece-polichnitos-150x150.jpg\" alt=\"springs-lesvos-greece-polichnitos\" width=\"150\" height=\"150\" \/><span class=\"su-custom-gallery-title\">springs-lesvos-greece-polichnitos<\/span><\/a><\/div><div class=\"su-custom-gallery-slide\" style=\"width:150px;height:150px\"><a href=\"http:\/\/www.irinihotel.gr\/de\/wp-content\/uploads\/2015\/06\/vasilika1.jpg\" rel=\"fancybox[56]\" title=\"vasilika1\"><img loading=\"lazy\" decoding=\"async\" src=\"http:\/\/www.irinihotel.gr\/de\/wp-content\/uploads\/2015\/06\/vasilika1-150x150.jpg\" alt=\"vasilika1\" width=\"150\" height=\"150\" \/><span class=\"su-custom-gallery-title\">vasilika1<\/span><\/a><\/div><div class=\"su-custom-gallery-slide\" style=\"width:150px;height:150px\"><a href=\"http:\/\/www.irinihotel.gr\/de\/wp-content\/uploads\/2015\/06\/vatera_beach_hotel07.jpg\" rel=\"fancybox[56]\" title=\"vatera_beach_hotel07\"><img loading=\"lazy\" decoding=\"async\" src=\"http:\/\/www.irinihotel.gr\/de\/wp-content\/uploads\/2015\/06\/vatera_beach_hotel07-150x150.jpg\" alt=\"vatera_beach_hotel07\" width=\"150\" height=\"150\" \/><span class=\"su-custom-gallery-title\">vatera_beach_hotel07<\/span><\/a><\/div><div class=\"su-custom-gallery-slide\" style=\"width:150px;height:150px\"><a href=\"http:\/\/www.irinihotel.gr\/de\/wp-content\/uploads\/2015\/06\/vatera_beach03.jpg\" rel=\"fancybox[56]\" title=\"vatera_beach03\"><img loading=\"lazy\" decoding=\"async\" src=\"http:\/\/www.irinihotel.gr\/de\/wp-content\/uploads\/2015\/06\/vatera_beach03-150x150.jpg\" alt=\"vatera_beach03\" width=\"150\" height=\"150\" \/><span class=\"su-custom-gallery-title\">vatera_beach03<\/span><\/a><\/div><div class=\"su-custom-gallery-slide\" style=\"width:150px;height:150px\"><a href=\"http:\/\/www.irinihotel.gr\/de\/wp-content\/uploads\/2015\/06\/vatera2-1.jpg\" rel=\"fancybox[56]\" title=\"vatera2-(1)\"><img loading=\"lazy\" decoding=\"async\" src=\"http:\/\/www.irinihotel.gr\/de\/wp-content\/uploads\/2015\/06\/vatera2-1-150x150.jpg\" alt=\"vatera2-(1)\" width=\"150\" height=\"150\" \/><span class=\"su-custom-gallery-title\">vatera2-(1)<\/span><\/a><\/div><div class=\"su-custom-gallery-slide\" style=\"width:150px;height:150px\"><a href=\"http:\/\/www.irinihotel.gr\/de\/wp-content\/uploads\/2015\/06\/vatera-23.jpg\" rel=\"fancybox[56]\" title=\"vatera-23\"><img loading=\"lazy\" decoding=\"async\" src=\"http:\/\/www.irinihotel.gr\/de\/wp-content\/uploads\/2015\/06\/vatera-23-150x150.jpg\" alt=\"vatera-23\" width=\"150\" height=\"150\" \/><span class=\"su-custom-gallery-title\">vatera-23<\/span><\/a><\/div><div class=\"su-custom-gallery-slide\" style=\"width:150px;height:150px\"><a href=\"http:\/\/www.irinihotel.gr\/de\/wp-content\/uploads\/2015\/06\/VATERA-BEACH.jpg\" rel=\"fancybox[56]\" title=\"VATERA-BEACH\"><img loading=\"lazy\" decoding=\"async\" src=\"http:\/\/www.irinihotel.gr\/de\/wp-content\/uploads\/2015\/06\/VATERA-BEACH-150x150.jpg\" alt=\"VATERA-BEACH\" width=\"150\" height=\"150\" \/><span class=\"su-custom-gallery-title\">VATERA-BEACH<\/span><\/a><\/div><div class=\"su-clear\"><\/div><\/div>\n<p style=\"text-align: justify;\"><div class=\"su-custom-gallery su-custom-gallery-align-left su-custom-gallery-title-never su-lightbox-gallery\"><div class=\"su-custom-gallery-slide\" style=\"width:480px;height:150px\"><a href=\"http:\/\/www.irinihotel.gr\/de\/wp-content\/uploads\/2015\/07\/WP_20150102_12_42_55_Pro.jpg\" rel=\"fancybox[56]\" title=\"WP_20150102_12_42_55_Pro\"><img loading=\"lazy\" decoding=\"async\" src=\"http:\/\/www.irinihotel.gr\/de\/wp-content\/uploads\/2015\/07\/WP_20150102_12_42_55_Pro-480x150.jpg\" alt=\"WP_20150102_12_42_55_Pro\" width=\"480\" height=\"150\" \/><span class=\"su-custom-gallery-title\">WP_20150102_12_42_55_Pro<\/span><\/a><\/div><div class=\"su-clear\"><\/div><\/div>\n<p style=\"text-align: justify;\"><\/div><\/div> <\/div>\n","protected":false},"excerpt":{"rendered":"Der Badestrand des Hotels ist nur wenige Schritte entfernt \u2013 an einem der l\u00e4ngsten und sch\u00f6nsten Str\u00e4nde Griechenlands. Die Skyline, die sich mit dem tiefen Blau des Meeres mischt, wird in Vatera Ihr Herz auf den ersten Blick erobern. Die nat\u00fcrliche Sch\u00f6nheit wird erg\u00e4nzt durch die Bette zweier Fl\u00fcsse, \u00f6stlich[...]","protected":false},"author":1,"featured_media":0,"parent":41,"menu_order":0,"comment_status":"closed","ping_status":"closed","template":"template-fullwidth.php","meta":{"footnotes":""},"class_list":["post-56","page","type-page","status-publish","hentry"],"_links":{"self":[{"href":"http:\/\/www.irinihotel.gr\/de\/index.php?rest_route=\/wp\/v2\/pages\/56","targetHints":{"allow":["GET"]}}],"collection":[{"href":"http:\/\/www.irinihotel.gr\/de\/index.php?rest_route=\/wp\/v2\/pages"}],"about":[{"href":"http:\/\/www.irinihotel.gr\/de\/index.php?rest_route=\/wp\/v2\/types\/page"}],"author":[{"embeddable":true,"href":"http:\/\/www.irinihotel.gr\/de\/index.php?rest_route=\/wp\/v2\/users\/1"}],"replies":[{"embeddable":true,"href":"http:\/\/www.irinihotel.gr\/de\/index.php?rest_route=%2Fwp%2Fv2%2Fcomments&post=56"}],"version-history":[{"count":8,"href":"http:\/\/www.irinihotel.gr\/de\/index.php?rest_route=\/wp\/v2\/pages\/56\/revisions"}],"predecessor-version":[{"id":271,"href":"http:\/\/www.irinihotel.gr\/de\/index.php?rest_route=\/wp\/v2\/pages\/56\/revisions\/271"}],"up":[{"embeddable":true,"href":"http:\/\/www.irinihotel.gr\/de\/index.php?rest_route=\/wp\/v2\/pages\/41"}],"wp:attachment":[{"href":"http:\/\/www.irinihotel.gr\/de\/index.php?rest_route=%2Fwp%2Fv2%2Fmedia&parent=56"}],"curies":[{"name":"wp","href":"https:\/\/api.w.org\/{rel}","templated":true}]}}