{"id":39,"date":"2015-06-05T07:20:43","date_gmt":"2015-06-05T07:20:43","guid":{"rendered":"http:\/\/www.irinihotel.gr\/de\/?page_id=39"},"modified":"2015-07-09T07:14:12","modified_gmt":"2015-07-09T07:14:12","slug":"accommodation","status":"publish","type":"page","link":"http:\/\/www.irinihotel.gr\/de\/?page_id=39","title":{"rendered":"Aufenthalt"},"content":{"rendered":"<p style=\"text-align: justify;\"><div class=\"su-row\"><div class=\"su-column su-column-size-1-2\"><div class=\"su-column-inner su-u-clearfix su-u-trim\">\n<p style=\"text-align: justify;\">\n<p style=\"text-align: justify;\">Genie\u00dfen Sie Ihren Aufenthalt in einem der eleganten Zimmer. Komplett renoviert, moderne und komfortable M\u00f6bel, makellos sauber, ger\u00e4umig und vollst\u00e4ndig ausgestattet, verf\u00fcgen Sie \u00fcber allem Komfort f\u00fcr Ihre Entspannung w\u00e4hrend Ihres Aufenthalts.<\/p>\n<p>Alle Zimmer des Hotels Irini verf\u00fcgen \u00fcber:<\/p>\n<ul style=\"text-align: justify;\">\n<li>Klimaanlage<\/li>\n<li>Minibar<\/li>\n<li>Fernseher<\/li>\n<li>Terrasse mit Sitzgelegenheiten<\/li>\n<li>Telefon<\/li>\n<li>W\u00e4scheservice<\/li>\n<li>Wi-Fi in allen Zimmern und im gesamten Hotel<\/li>\n<li>au\u00dferdem Zimmer<\/li>\n<\/ul>\n<p style=\"text-align: justify;\">\u03a3\u03c4\u03bf \u039e\u03b5\u03bd\u03bf\u03b4\u03bf\u03c7\u03b5\u03af\u03bf \u0395\u03b9\u03c1\u03ae\u03bd\u03b7, \u03b8\u03ad\u03bb\u03bf\u03c5\u03bc\u03b5 \u03bd\u03b1 \u03c3\u03b1\u03c2 \u03ba\u03ac\u03bd\u03bf\u03c5\u03bc\u03b5 \u03bd\u03b1 \u03bd\u03b9\u03ce\u03c3\u03b5\u03c4\u03b5 \u03c3\u03b1\u03bd \u03c4\u03bf \u03c3\u03c0\u03af\u03c4\u03b9 \u03c3\u03b1\u03c2, \u03b3\u03b9\u03b1 \u03b1\u03c5\u03c4\u03cc \u03c6\u03c1\u03bf\u03bd\u03c4\u03af\u03b6\u03bf\u03c5\u03bc\u03b5 \u03bd\u03b1 \u03b9\u03ba\u03b1\u03bd\u03bf\u03c0\u03bf\u03b9\u03bf\u03cd\u03bc\u03b5 \u03c4\u03b9\u03c2 \u03b4\u03b9\u03b1\u03c4\u03c1\u03bf\u03c6\u03b9\u03ba\u03ad\u03c2 \u03b1\u03bd\u03ac\u03b3\u03ba\u03b5\u03c2 \u03ba\u03b1\u03b9 \u03c0\u03c1\u03bf\u03c4\u03b9\u03bc\u03ae\u03c3\u03b5\u03b9\u03c2 \u03ba\u03ac\u03b8\u03b5 \u03c0\u03b5\u03bb\u03ac\u03c4\u03b7. \u0395\u03ac\u03bd \u03ad\u03c7\u03b5\u03c4\u03b5 \u03ba\u03ac\u03c0\u03bf\u03b9\u03b1 \u03b5\u03b9\u03b4\u03b9\u03ba\u03ae \u03b4\u03b9\u03b1\u03c4\u03c1\u03bf\u03c6\u03ae \u03ae \u03b4\u03af\u03b1\u03b9\u03c4\u03b1 \u03c0\u03bf\u03c5 \u03b5\u03c0\u03b9\u03b8\u03c5\u03bc\u03b5\u03af\u03c4\u03b5 \u03bd\u03b1 \u03b1\u03ba\u03bf\u03bb\u03bf\u03c5\u03b8\u03ae\u03c3\u03b5\u03c4\u03b5, \u03bc\u03c0\u03bf\u03c1\u03b5\u03af\u03c4\u03b5 \u03bd\u03b1 \u03c3\u03c5\u03bd\u03bd\u03b5\u03bd\u03bf\u03b7\u03b8\u03b5\u03af\u03c4\u03b5 \u03bc\u03b5 \u03c4\u03b7 \u03b4\u03b9\u03b5\u03cd\u03b8\u03c5\u03bd\u03c3\u03b7 \u03c4\u03bf\u03c5 \u03be\u03b5\u03bd\u03bf\u03b4\u03bf\u03c7\u03b5\u03af\u03bf\u03c5 \u03bc\u03b1\u03c2 \u03ce\u03c3\u03c4\u03b5 \u03bd\u03b1 \u03b5\u03c4\u03bf\u03b9\u03bc\u03ac\u03b6\u03b5\u03c4\u03b1\u03b9 \u03b5\u03b9\u03b4\u03b9\u03ba\u03cc \u03b3\u03b5\u03cd\u03bc\u03b1 \u03b3\u03b9\u03b1 \u03b5\u03c3\u03ac\u03c2.<\/p>\n<p style=\"text-align: justify;\"><\/div><\/div> <div class=\"su-column su-column-size-1-2\"><div class=\"su-column-inner su-u-clearfix su-u-trim\">\n<p style=\"text-align: justify;\"><div class=\"su-custom-gallery su-custom-gallery-align-left su-custom-gallery-title-never su-lightbox-gallery\"><div class=\"su-custom-gallery-slide\" style=\"width:165px;height:165px\"><a href=\"http:\/\/www.irinihotel.gr\/de\/wp-content\/uploads\/2015\/06\/room-11.jpg\" rel=\"fancybox[39]\" title=\"room-1\"><img loading=\"lazy\" decoding=\"async\" src=\"http:\/\/www.irinihotel.gr\/de\/wp-content\/uploads\/2015\/06\/room-11-165x165.jpg\" alt=\"room-1\" width=\"165\" height=\"165\" \/><span class=\"su-custom-gallery-title\">room-1<\/span><\/a><\/div><div class=\"su-custom-gallery-slide\" style=\"width:165px;height:165px\"><a href=\"http:\/\/www.irinihotel.gr\/de\/wp-content\/uploads\/2015\/06\/room-21.jpg\" rel=\"fancybox[39]\" title=\"room-2\"><img loading=\"lazy\" decoding=\"async\" src=\"http:\/\/www.irinihotel.gr\/de\/wp-content\/uploads\/2015\/06\/room-21-165x165.jpg\" alt=\"room-2\" width=\"165\" height=\"165\" \/><span class=\"su-custom-gallery-title\">room-2<\/span><\/a><\/div><div class=\"su-custom-gallery-slide\" style=\"width:165px;height:165px\"><a href=\"http:\/\/www.irinihotel.gr\/de\/wp-content\/uploads\/2015\/06\/room-31.jpg\" rel=\"fancybox[39]\" title=\"room-3\"><img loading=\"lazy\" decoding=\"async\" src=\"http:\/\/www.irinihotel.gr\/de\/wp-content\/uploads\/2015\/06\/room-31-165x165.jpg\" alt=\"room-3\" width=\"165\" height=\"165\" \/><span class=\"su-custom-gallery-title\">room-3<\/span><\/a><\/div><div class=\"su-custom-gallery-slide\" style=\"width:165px;height:165px\"><a href=\"http:\/\/www.irinihotel.gr\/de\/wp-content\/uploads\/2015\/06\/room-41.jpg\" rel=\"fancybox[39]\" title=\"room-4\"><img loading=\"lazy\" decoding=\"async\" src=\"http:\/\/www.irinihotel.gr\/de\/wp-content\/uploads\/2015\/06\/room-41-165x165.jpg\" alt=\"room-4\" width=\"165\" height=\"165\" \/><span class=\"su-custom-gallery-title\">room-4<\/span><\/a><\/div><div class=\"su-custom-gallery-slide\" style=\"width:165px;height:165px\"><a href=\"http:\/\/www.irinihotel.gr\/de\/wp-content\/uploads\/2015\/06\/room-51.jpg\" rel=\"fancybox[39]\" title=\"room-5\"><img loading=\"lazy\" decoding=\"async\" src=\"http:\/\/www.irinihotel.gr\/de\/wp-content\/uploads\/2015\/06\/room-51-165x165.jpg\" alt=\"room-5\" width=\"165\" height=\"165\" \/><span class=\"su-custom-gallery-title\">room-5<\/span><\/a><\/div><div class=\"su-custom-gallery-slide\" style=\"width:165px;height:165px\"><a href=\"http:\/\/www.irinihotel.gr\/de\/wp-content\/uploads\/2015\/06\/room-61.jpg\" rel=\"fancybox[39]\" title=\"room-6\"><img loading=\"lazy\" decoding=\"async\" src=\"http:\/\/www.irinihotel.gr\/de\/wp-content\/uploads\/2015\/06\/room-61-165x165.jpg\" alt=\"room-6\" width=\"165\" height=\"165\" \/><span class=\"su-custom-gallery-title\">room-6<\/span><\/a><\/div><div class=\"su-clear\"><\/div><\/div>\n<p style=\"text-align: justify;\"><\/div><\/div> <\/div>\n","protected":false},"excerpt":{"rendered":"Genie\u00dfen Sie Ihren Aufenthalt in einem der eleganten Zimmer. Komplett renoviert, moderne und komfortable M\u00f6bel, makellos sauber, ger\u00e4umig und vollst\u00e4ndig ausgestattet, verf\u00fcgen Sie \u00fcber allem Komfort f\u00fcr Ihre Entspannung w\u00e4hrend Ihres Aufenthalts. Alle Zimmer des Hotels Irini verf\u00fcgen \u00fcber: Klimaanlage Minibar Fernseher Terrasse mit Sitzgelegenheiten Telefon W\u00e4scheservice Wi-Fi in allen[...]","protected":false},"author":1,"featured_media":0,"parent":0,"menu_order":0,"comment_status":"closed","ping_status":"closed","template":"template-fullwidth.php","meta":{"footnotes":""},"class_list":["post-39","page","type-page","status-publish","hentry"],"_links":{"self":[{"href":"http:\/\/www.irinihotel.gr\/de\/index.php?rest_route=\/wp\/v2\/pages\/39","targetHints":{"allow":["GET"]}}],"collection":[{"href":"http:\/\/www.irinihotel.gr\/de\/index.php?rest_route=\/wp\/v2\/pages"}],"about":[{"href":"http:\/\/www.irinihotel.gr\/de\/index.php?rest_route=\/wp\/v2\/types\/page"}],"author":[{"embeddable":true,"href":"http:\/\/www.irinihotel.gr\/de\/index.php?rest_route=\/wp\/v2\/users\/1"}],"replies":[{"embeddable":true,"href":"http:\/\/www.irinihotel.gr\/de\/index.php?rest_route=%2Fwp%2Fv2%2Fcomments&post=39"}],"version-history":[{"count":6,"href":"http:\/\/www.irinihotel.gr\/de\/index.php?rest_route=\/wp\/v2\/pages\/39\/revisions"}],"predecessor-version":[{"id":224,"href":"http:\/\/www.irinihotel.gr\/de\/index.php?rest_route=\/wp\/v2\/pages\/39\/revisions\/224"}],"wp:attachment":[{"href":"http:\/\/www.irinihotel.gr\/de\/index.php?rest_route=%2Fwp%2Fv2%2Fmedia&parent=39"}],"curies":[{"name":"wp","href":"https:\/\/api.w.org\/{rel}","templated":true}]}}