{"id":21,"date":"2015-06-02T06:53:24","date_gmt":"2015-06-02T06:53:24","guid":{"rendered":"http:\/\/www.irinihotel.gr\/de\/?page_id=21"},"modified":"2018-07-17T17:12:55","modified_gmt":"2018-07-17T17:12:55","slug":"irini-hotel","status":"publish","type":"page","link":"http:\/\/www.irinihotel.gr\/de\/?page_id=21","title":{"rendered":"Hotel &#8220;Irini&#8221;"},"content":{"rendered":"<div class=\"wpb-content-wrapper\">[vc_row][vc_column width=&#8221;1\/2&#8243;][vc_video link=&#8221;https:\/\/www.youtube.com\/watch?v=iR2hymoAjao&amp;t=2s&#8221;][\/vc_column][vc_column width=&#8221;1\/2&#8243;][vc_column_text]<!-- ipanorama begin -->\n<style>\n@import url(\"http:\/\/www.irinihotel.gr\/de\/wp-content\/plugins\/ipanorama\/lib\/ipanorama.theme.default.css?ver=ipanorama\");\n<\/style>\n<div id=\"ipnrm-data-2yhqc-505\" style=\"display:none;\">\n<div id=\"ipnrm-data-scene-2yhqc-scene1-popover-0\"><\/div>\n<div id=\"ipnrm-data-scene-2yhqc-scene1-popover-1\"><\/div>\n<div id=\"ipnrm-data-scene-2yhqc-scene2-popover-0\"><\/div>\n<div id=\"ipnrm-data-scene-2yhqc-scene3-popover-0\"><\/div>\n<div id=\"ipnrm-data-scene-2yhqc-scene3-popover-1\"><\/div>\n<div id=\"ipnrm-data-scene-2yhqc-scene4-popover-0\"><\/div>\n<div id=\"ipnrm-data-scene-2yhqc-scene4-popover-1\"><\/div>\n<\/div>\n<div id=\"ipnrm-2yhqc-505\" style=\"width:100%;height:250px;\"><\/div>\n<script type=\"text\/javascript\">\njQuery( document ).ready(function( jQuery ) {\njQuery( \"#ipnrm-2yhqc-505\" ).ipanorama({\ntheme: \"ipnrm-theme-default\",\nimagePreview: \"http:\/\/www.irinihotel.gr\/de\/wp-content\/uploads\/\/2018\/07\/R0010047.jpg\",\nautoLoad: true,\nautoRotate: true,\nautoRotateSpeed: 0.005,\nautoRotateInactivityDelay: 3000,\nmouseWheelPreventDefault: true,\nmouseWheelRotate: false,\nmouseWheelRotateCoef: 0.2,\nmouseWheelZoom: false,\nmouseWheelZoomCoef: 0.05,\nhoverGrab: false,\nhoverGrabYawCoef: 20,\nhoverGrabPitchCoef: 20,\ngrab: true,\ngrabCoef: 0.1,\nshowControlsOnHover: false,\nshowSceneThumbsCtrl: false,\nshowSceneMenuCtrl: false,\nshowSceneNextPrevCtrl: true,\nshowShareCtrl: false,\nshowZoomCtrl: true,\nshowFullscreenCtrl: true,\nshowAutoRotateCtrl: false,\nsceneThumbsVertical: true,\nsceneThumbsStatic: false,\ntitle: true,\ncompass: false,\nkeyboardNav: false,\nkeyboardZoom: false,\nsceneNextPrevLoop: false,\npopover: true,\npopoverPlacement: \"top\",\npopoverShowTrigger: \"hover\",\npopoverHideTrigger: \"leave\",\nhotSpotBelowPopover: true,\nmobile: false,\nsceneFadeDuration: 3000,\nsceneBackgroundLoad: false,\nsceneId: \"scene1\",\nscenes: {\nscene1: {\ntype: \"sphere\",\ncubeTextureCount: \"single\",\nsphereWidthSegments: 100,\nsphereHeightSegments: 40,\nimage: \"http:\/\/www.irinihotel.gr\/de\/wp-content\/uploads\/\/2018\/07\/R0010047.jpg\",\nsaveCamera: true,\nhotSpots: [\n{\nyaw: 446.464,\npitch: -5.466,\nsceneId: \"scene2\",\nlinkNewWindow: false,\nimageUrl: \"\",\n},\n{\nyaw: 256.67,\npitch: -6.646,\nsceneId: \"scene3\",\nlinkNewWindow: false,\nimageUrl: \"\",\n},\n]\n},\nscene2: {\ntype: \"sphere\",\ncubeTextureCount: \"single\",\nsphereWidthSegments: 100,\nsphereHeightSegments: 40,\nimage: \"http:\/\/www.irinihotel.gr\/de\/wp-content\/uploads\/\/2018\/07\/R0010048.jpg\",\nsaveCamera: true,\nhotSpots: [\n{\nyaw: -91.922,\npitch: -9.498,\nsceneId: \"scene1\",\nlinkNewWindow: false,\nimageUrl: \"\",\n},\n]\n},\nscene3: {\ntype: \"sphere\",\ncubeTextureCount: \"single\",\nsphereWidthSegments: 100,\nsphereHeightSegments: 40,\nimage: \"http:\/\/www.irinihotel.gr\/de\/wp-content\/uploads\/\/2018\/07\/R0010050.jpg\",\nsaveCamera: true,\nhotSpots: [\n{\nyaw: -40.528,\npitch: -7.684,\nsceneId: \"scene1\",\nlinkNewWindow: false,\nimageUrl: \"\",\n},\n{\nyaw: -163.288,\npitch: -9.676,\nsceneId: \"scene4\",\nlinkNewWindow: false,\nimageUrl: \"\",\n},\n]\n},\nscene4: {\ntype: \"sphere\",\ncubeTextureCount: \"single\",\nsphereWidthSegments: 100,\nsphereHeightSegments: 40,\nimage: \"http:\/\/www.irinihotel.gr\/de\/wp-content\/uploads\/\/2018\/07\/R0010051.jpg\",\nsaveCamera: true,\nhotSpots: [\n{\nyaw: 189.768,\npitch: -6.484,\nsceneId: \"scene3\",\nlinkNewWindow: false,\nimageUrl: \"\",\n},\n{\nyaw: 137.656,\npitch: -5.664,\nsceneId: \"scene1\",\nlinkNewWindow: false,\nimageUrl: \"\",\n},\n]\n},\n}\n});\n});\n<\/script>\n<!-- ipanorama end -->\n\t\t[\/vc_column_text][vc_column_text]\n<p style=\"text-align: center;\">Klicken Sie auf die Zur\u00fcck Punkte f\u00fcr virtuelle Tour<\/p>\n[\/vc_column_text][\/vc_column][\/vc_row][vc_row][vc_column width=&#8221;1\/3&#8243;][vc_column_text]\n<p style=\"text-align: justify;\">In der zauberhaften Umgebung von Vatera Beach mit der Sch\u00f6nheit ihrer umgebenden H\u00fcgellandschaft und der Ruhe der K\u00fcste haben wir das Familienhotel Irini errichtet.\u00a0Hier, wo sich auf der Insel die Umgebung perfekt verbindet mit der traditionellen griechischen Gastfreundlichkeit.<\/p>\n<p style=\"text-align: justify;\">Das Hotel Irini ist das beste Ziel f\u00fcr Erholung und Spass mit hervorragenden modernen Einrichtungen in einer zauberhaften Umgebung. Das Hotel Irini verf\u00fcgt \u00fcber 65 moderne voll ausger\u00fcstete Zimmer. Sie bieten allen Komfort f\u00fcr Ihre W\u00fcnsche, um Ihren Urlaub unbeschwert zu genie\u00dfen. Wir verf\u00fcgen \u00fcber alle notwendigen Einrichtungen \u2013 auch f\u00fcr behinderte Menschen. Irini ist ein ideales Reiseziel f\u00fcr Familien und Paare, die, die Sch\u00f6nheiten der Natur mit einem ausgezeichneten Service, in einer freundlichen und fr\u00f6hlichen Umgebung mit einem guten und frischen Speisenangebot, verbinden m\u00f6chten.<\/p>\n<p style=\"text-align: justify;\">Die Bar und das Schwimmbad des Hotels stehen Ihnen ganzt\u00e4gig zur Verf\u00fcgung. Der Pool erf\u00fcllt Ihre W\u00fcnsche ebenso wie die Ihrer Kinder. Das Wasser wird fortlaufend gereinigt und bietet hervorragende hygienische Bedingungen. Angeboten werden k\u00f6stliche Cocktails, S\u00e4fte und leckere Snacks. Genie\u00dfen Sie Ihr Getr\u00e4nk oder Kaffee am Pool, nutzen Sie die bequemen Liegest\u00fchle, erfrischen Sie sich beim Schwimmen und verw\u00f6hnen Sie sich mit leckeren Kleinigkeiten. Das Leben am sch\u00f6nen Hotelpool bereichert Ihren Tag.<\/p>\n<p style=\"text-align: justify;\">Der Badestrand des Hotels ist nur wenige Schritte entfernt \u2013 an einem der l\u00e4ngsten und sch\u00f6nsten Str\u00e4nde Griechenlands. Die Skyline, die sich mit dem tiefen Blau des Meeres mischt, wird in Vatera Ihr Herz auf den ersten Blick erobern. Sie werden alle Freuden eines Badeurlaubs am Meer genie\u00dfen \u2013 und nat\u00fcrlich ist der Strand von Vatera Beach jedes Jahr mit der \u201eBlauen Flagge\u201c ausgezeichnet worden.<\/p>\n<p style=\"text-align: justify;\">Die Abende k\u00f6nnen Sie in Ruhe am Wasser mit einem Drink verbringen. Sie bewundern den sternklaren Sommerhimmel und machen Ihre Pl\u00e4ne f\u00fcr den n\u00e4chsten Tag.<\/p>\n<p style=\"text-align: justify;\">Wir erwarten, dass Sie im Hotel Irini einen wunderbaren unbeschwerten Sommerurlaub verbringen.<\/p>\n[\/vc_column_text][\/vc_column][vc_column width=&#8221;2\/3&#8243;][vc_media_grid element_width=&#8221;2&#8243; grid_id=&#8221;vc_gid:1531847512752-50a362f3-4989-4&#8243; include=&#8221;328,329,330,331,332,333,334,335,336,337,338,339,340,341,342,343,344,345,346,347,348,349,350,351,352,353,354,355,356,357,358,359,360,361,362,363,364,365,366,367,368,369&#8243;][\/vc_column][\/vc_row]\n<\/div>","protected":false},"excerpt":{"rendered":"<p>[vc_row][vc_column width=&#8221;1\/2&#8243;][vc_video link=&#8221;https:\/\/www.youtube.com\/watch?v=iR2hymoAjao&amp;t=2s&#8221;][\/vc_column][vc_column width=&#8221;1\/2&#8243;][vc_column_text][\/vc_column_text][vc_column_text] Klicken Sie auf die Zur\u00fcck Punkte f\u00fcr virtuelle Tour [\/vc_column_text][\/vc_column][\/vc_row][vc_row][vc_column width=&#8221;1\/3&#8243;][vc_column_text] In der zauberhaften Umgebung von Vatera Beach mit der Sch\u00f6nheit ihrer umgebenden H\u00fcgellandschaft und der Ruhe der K\u00fcste haben wir das Familienhotel Irini errichtet.\u00a0Hier, wo sich auf der Insel die Umgebung perfekt verbindet mit der[&#8230;]<\/p>\n","protected":false},"author":1,"featured_media":0,"parent":0,"menu_order":0,"comment_status":"closed","ping_status":"closed","template":"template-fullwidth.php","meta":{"footnotes":""},"class_list":["post-21","page","type-page","status-publish","hentry"],"_links":{"self":[{"href":"http:\/\/www.irinihotel.gr\/de\/index.php?rest_route=\/wp\/v2\/pages\/21","targetHints":{"allow":["GET"]}}],"collection":[{"href":"http:\/\/www.irinihotel.gr\/de\/index.php?rest_route=\/wp\/v2\/pages"}],"about":[{"href":"http:\/\/www.irinihotel.gr\/de\/index.php?rest_route=\/wp\/v2\/types\/page"}],"author":[{"embeddable":true,"href":"http:\/\/www.irinihotel.gr\/de\/index.php?rest_route=\/wp\/v2\/users\/1"}],"replies":[{"embeddable":true,"href":"http:\/\/www.irinihotel.gr\/de\/index.php?rest_route=%2Fwp%2Fv2%2Fcomments&post=21"}],"version-history":[{"count":11,"href":"http:\/\/www.irinihotel.gr\/de\/index.php?rest_route=\/wp\/v2\/pages\/21\/revisions"}],"predecessor-version":[{"id":512,"href":"http:\/\/www.irinihotel.gr\/de\/index.php?rest_route=\/wp\/v2\/pages\/21\/revisions\/512"}],"wp:attachment":[{"href":"http:\/\/www.irinihotel.gr\/de\/index.php?rest_route=%2Fwp%2Fv2%2Fmedia&parent=21"}],"curies":[{"name":"wp","href":"https:\/\/api.w.org\/{rel}","templated":true}]}}